{"id":301,"date":"2021-06-18T00:08:50","date_gmt":"2021-06-17T22:08:50","guid":{"rendered":"http:\/\/joannasmith.fr\/1000\/?page_id=301"},"modified":"2021-06-18T12:48:26","modified_gmt":"2021-06-18T10:48:26","slug":"susana-tereno","status":"publish","type":"page","link":"http:\/\/joannasmith.fr\/1000\/susana-tereno\/","title":{"rendered":"Susana Tereno"},"content":{"rendered":"\n<h2 class=\"has-text-align-center\">Psychologue, professeure associ\u00e9e (HDR) <\/h2>\n\n\n\n<h2 class=\"has-text-align-center\">Universit\u00e9 de Paris<\/h2>\n\n\n\n<div class=\"wp-block-image is-style-default\"><figure class=\"aligncenter size-large\"><img loading=\"lazy\" width=\"299\" height=\"169\" src=\"http:\/\/joannasmith.fr\/1000\/wp-content\/uploads\/2021\/06\/Susana-Tereno.jpeg\" alt=\"\" class=\"wp-image-302\"\/><\/figure><\/div>\n\n\n\n<p class=\"has-drop-cap has-text-align-center\">Susana Tereno est Docteure en psychologie et Professeure associ\u00e9e \u00e0 l&rsquo;Universit\u00e9 de Paris. Elle est \u00e9galement th\u00e9rapeute familiale syst\u00e9mique.<\/p>\n\n\n\n<p class=\"has-text-align-center\">Son domaine de recherche porte notamment sur l&rsquo;attachement, ainsi que sur l&rsquo;\u00e9tude des syst\u00e8mes familiaux et leur influence dans le processus th\u00e9rapeutique.<\/p>\n\n\n\n<p class=\"has-drop-cap\">Elle a contribu\u00e9 par deux chapitres au Grand Livre des 1000 premiers jours de vie : <\/p>\n\n\n\n<ul><li>Attachement et psychopathologie d\u00e9veloppementale<\/li><\/ul>\n\n\n\n<ul><li>CAPEDP : intervention pr\u00e9coce en population multirisques<\/li><\/ul>\n\n\n\n<p class=\"has-drop-cap\">Pour en savoir plus sur son <a href=\"https:\/\/lpps.recherche.parisdescartes.fr\/susana-tereno\/\">activit\u00e9 de recherche, cliquez ici<\/a>!<\/p>\n","protected":false},"excerpt":{"rendered":"<p>Psychologue, professeure associ\u00e9e (HDR) Universit\u00e9 de Paris Susana Tereno est Docteure en psychologie et Professeure associ\u00e9e \u00e0 l&rsquo;Universit\u00e9 de Paris. Elle est \u00e9galement th\u00e9rapeute familiale syst\u00e9mique. Son domaine de recherche porte notamment sur l&rsquo;attachement, ainsi que sur l&rsquo;\u00e9tude des syst\u00e8mes familiaux et leur influence dans le processus th\u00e9rapeutique. Elle a contribu\u00e9 par deux chapitres au [&hellip;]<\/p>\n","protected":false},"author":1,"featured_media":0,"parent":0,"menu_order":0,"comment_status":"closed","ping_status":"closed","template":"","meta":[],"_links":{"self":[{"href":"http:\/\/joannasmith.fr\/1000\/wp-json\/wp\/v2\/pages\/301"}],"collection":[{"href":"http:\/\/joannasmith.fr\/1000\/wp-json\/wp\/v2\/pages"}],"about":[{"href":"http:\/\/joannasmith.fr\/1000\/wp-json\/wp\/v2\/types\/page"}],"author":[{"embeddable":true,"href":"http:\/\/joannasmith.fr\/1000\/wp-json\/wp\/v2\/users\/1"}],"replies":[{"embeddable":true,"href":"http:\/\/joannasmith.fr\/1000\/wp-json\/wp\/v2\/comments?post=301"}],"version-history":[{"count":2,"href":"http:\/\/joannasmith.fr\/1000\/wp-json\/wp\/v2\/pages\/301\/revisions"}],"predecessor-version":[{"id":338,"href":"http:\/\/joannasmith.fr\/1000\/wp-json\/wp\/v2\/pages\/301\/revisions\/338"}],"wp:attachment":[{"href":"http:\/\/joannasmith.fr\/1000\/wp-json\/wp\/v2\/media?parent=301"}],"curies":[{"name":"wp","href":"https:\/\/api.w.org\/{rel}","templated":true}]}}