{"id":276,"date":"2021-06-17T21:41:20","date_gmt":"2021-06-17T19:41:20","guid":{"rendered":"http:\/\/joannasmith.fr\/1000\/?page_id=276"},"modified":"2021-06-17T21:41:20","modified_gmt":"2021-06-17T19:41:20","slug":"le-video-colloque-en-ligne","status":"publish","type":"page","link":"http:\/\/joannasmith.fr\/1000\/le-video-colloque-en-ligne\/","title":{"rendered":"Le vid\u00e9o-colloque en ligne"},"content":{"rendered":"\n<p><\/p>\n\n\n\n<figure class=\"wp-block-embed is-type-video is-provider-youtube wp-block-embed-youtube wp-embed-aspect-16-9 wp-has-aspect-ratio\"><div class=\"wp-block-embed__wrapper\">\n<iframe loading=\"lazy\" title=\"Joanna Smith : Le Grand livre des 1000 premiers jours de vie\" width=\"580\" height=\"326\" src=\"https:\/\/www.youtube.com\/embed\/f_HviPUFwUw?start=4&#038;feature=oembed\" frameborder=\"0\" allow=\"accelerometer; autoplay; clipboard-write; encrypted-media; gyroscope; picture-in-picture\" allowfullscreen><\/iframe>\n<\/div><\/figure>\n\n\n\n<p class=\"has-text-align-center\">A l&rsquo;occasion de la parution du <a href=\"http:\/\/joannasmith.fr\/1000\/\" data-type=\"page\" data-id=\"135\">Grand Livre des 1000 premiers jours de vie<\/a>, l&rsquo;Institut Double H\u00e9lice et l&rsquo;Association Francophone d&rsquo;ICV organisent un \u00e9v\u00e9nement exceptionnel de lancement, qui se d\u00e9roulera en 3 temps : <\/p>\n\n\n\n<ul><li>A partir de fin septembre, vous recevez <strong>l&rsquo;ouvrage<\/strong>* chez vous ; <\/li><\/ul>\n\n\n\n<ul><li>Pendant les 4 semaines qui pr\u00e9c\u00e8dent l&rsquo;\u00e9v\u00e9nement, \u00e0 partir du 20 septembre, vous recevez chaque semaine des <strong>interviews vid\u00e9os<\/strong> exclusives des <a href=\"http:\/\/joannasmith.fr\/1000\/index.php\/le-nouveau-e-mucem-ouvre-ses-portes-2\/\" data-type=\"page\" data-id=\"21\">contributeurs<\/a> \u00e0 l&rsquo;ouvrage ;<\/li><li>Vous pouvez soumettre vos <strong>questions<\/strong> aux co-auteurs sur la plateforme s\u00e9curis\u00e9e ;<\/li><li>Le <strong>vendredi 22 octobre apr\u00e8s-midi<\/strong> (de 13h \u00e0 18h heure fran\u00e7aise), <strong>trois tables rondes<\/strong> r\u00e9uniront les contributeurs \u00e0 l&rsquo;ouvrage afin qu&rsquo;ils puissent d\u00e9battre \u00e0 partir des questions que vous aurez envoy\u00e9es.<\/li><\/ul>\n\n\n\n<p>Pour vous inscrire, c&rsquo;est sur le site de l&rsquo;<a href=\"https:\/\/www.institut-double-helice.fr\/video-colloque-en-ligne.php\">Institut Double H\u00e9lice<\/a>.<\/p>\n\n\n\n<p class=\"has-text-align-center\">Attention, <strong>tarifs d&rsquo;inscription r\u00e9duits jusqu&rsquo;au 31 juillet inclus<\/strong>, puis tarif unique 110\u20ac \u00e0 partir du 1er ao\u00fbt!<\/p>\n\n\n\n<p class=\"has-text-align-center\"><strong>Nombre de places limit\u00e9.<\/strong><\/p>\n\n\n\n<p><\/p>\n\n\n\n<p class=\"has-text-align-center\">* L&rsquo;ouvrage papier ne sera envoy\u00e9 qu&rsquo;aux personnes inscrites avant le 1er ao\u00fbt, habitant en France (hors DOM et Corse) et hors tarifs sp\u00e9ciaux. Les autres inscriptions recevront la version e-book de l&rsquo;ouvrage.<\/p>\n","protected":false},"excerpt":{"rendered":"<p>A l&rsquo;occasion de la parution du Grand Livre des 1000 premiers jours de vie, l&rsquo;Institut Double H\u00e9lice et l&rsquo;Association Francophone d&rsquo;ICV organisent un \u00e9v\u00e9nement exceptionnel de lancement, qui se d\u00e9roulera en 3 temps : A partir de fin septembre, vous recevez l&rsquo;ouvrage* chez vous ; Pendant les 4 semaines qui pr\u00e9c\u00e8dent l&rsquo;\u00e9v\u00e9nement, \u00e0 partir du [&hellip;]<\/p>\n","protected":false},"author":1,"featured_media":0,"parent":0,"menu_order":0,"comment_status":"closed","ping_status":"closed","template":"","meta":[],"_links":{"self":[{"href":"http:\/\/joannasmith.fr\/1000\/wp-json\/wp\/v2\/pages\/276"}],"collection":[{"href":"http:\/\/joannasmith.fr\/1000\/wp-json\/wp\/v2\/pages"}],"about":[{"href":"http:\/\/joannasmith.fr\/1000\/wp-json\/wp\/v2\/types\/page"}],"author":[{"embeddable":true,"href":"http:\/\/joannasmith.fr\/1000\/wp-json\/wp\/v2\/users\/1"}],"replies":[{"embeddable":true,"href":"http:\/\/joannasmith.fr\/1000\/wp-json\/wp\/v2\/comments?post=276"}],"version-history":[{"count":1,"href":"http:\/\/joannasmith.fr\/1000\/wp-json\/wp\/v2\/pages\/276\/revisions"}],"predecessor-version":[{"id":277,"href":"http:\/\/joannasmith.fr\/1000\/wp-json\/wp\/v2\/pages\/276\/revisions\/277"}],"wp:attachment":[{"href":"http:\/\/joannasmith.fr\/1000\/wp-json\/wp\/v2\/media?parent=276"}],"curies":[{"name":"wp","href":"https:\/\/api.w.org\/{rel}","templated":true}]}}