{"id":272,"date":"2021-06-17T23:35:11","date_gmt":"2021-06-17T21:35:11","guid":{"rendered":"http:\/\/joannasmith.fr\/1000\/?page_id=272"},"modified":"2021-06-18T13:07:22","modified_gmt":"2021-06-18T11:07:22","slug":"dr-boris-cyrulnik","status":"publish","type":"page","link":"http:\/\/joannasmith.fr\/1000\/dr-boris-cyrulnik\/","title":{"rendered":"Dr Boris Cyrulnik"},"content":{"rendered":"\n<h2 class=\"has-text-align-center\">Neurologue, psychiatre <\/h2>\n\n\n\n<h2 class=\"has-text-align-center\">La Seyne sur Mer (France)<\/h2>\n\n\n\n<figure class=\"wp-block-image size-large is-style-default\"><img loading=\"lazy\" width=\"1024\" height=\"512\" src=\"http:\/\/joannasmith.fr\/1000\/wp-content\/uploads\/2021\/06\/Photo-boris-cyrulnik-1024x512.jpeg\" alt=\"\" class=\"wp-image-214\" srcset=\"http:\/\/joannasmith.fr\/1000\/wp-content\/uploads\/2021\/06\/Photo-boris-cyrulnik-1024x512.jpeg 1024w, http:\/\/joannasmith.fr\/1000\/wp-content\/uploads\/2021\/06\/Photo-boris-cyrulnik-300x150.jpeg 300w, http:\/\/joannasmith.fr\/1000\/wp-content\/uploads\/2021\/06\/Photo-boris-cyrulnik-768x384.jpeg 768w, http:\/\/joannasmith.fr\/1000\/wp-content\/uploads\/2021\/06\/Photo-boris-cyrulnik.jpeg 1200w\" sizes=\"(max-width: 1024px) 100vw, 1024px\" \/><\/figure>\n\n\n\n<p class=\"has-drop-cap has-text-align-center\">M\u00e9decin&nbsp;neuropsychiatre&nbsp;de formation ayant un temps exerc\u00e9 comme tel mais aussi comme&nbsp;psychanalyste, il a anim\u00e9 un groupe de recherche en&nbsp;\u00e9thologie&nbsp;clinique au&nbsp;centre hospitalier intercommunal&nbsp;de&nbsp;Toulon-La Seyne-sur-Mer. Il est actuellement directeur d&rsquo;\u00e9tudes du&nbsp;dipl\u00f4me universitaire&nbsp;(DU) d&rsquo;\u00e9thologie humaine&nbsp;de l&rsquo;universit\u00e9 de Toulon.<\/p>\n\n\n\n<p class=\"has-text-align-center\">Il est \u00e9galement \u00e0 l&rsquo;origine de l&rsquo;<a href=\"http:\/\/boris-cyrulnik-ipe.fr\/\">Institut Petite Enfance Boris Cyrulnik<\/a>.<\/p>\n\n\n\n<p class=\"has-text-align-center\"> Il est l&rsquo;auteur de nombreux ouvrages \u00e0 destination du grand public.<\/p>\n\n\n\n<p class=\"has-text-align-center\">Enfin, Boris Cyrulnik s&rsquo;est vu confier par le pr\u00e9sident&nbsp;Emmanuel Macron&nbsp;en septembre 2019 la pr\u00e9sidence du \u00ab&nbsp;Comit\u00e9 des 1&nbsp;000 premiers jours de l&rsquo;enfant&nbsp;\u00bb. La commission d\u2019experts a rendu ses travaux en septembre 2020. Il est commandeur de la L\u00e9gion d&rsquo;Honneur.<\/p>\n\n\n\n<p class=\"has-drop-cap\">Le Dr Boris Cyrulnik a r\u00e9dig\u00e9 la pr\u00e9face du Grand Livre des 1000 premiers jours de vie.<\/p>\n\n\n\n<p><\/p>\n\n\n\n<p class=\"has-drop-cap\">Vous souhaitez approfondir?<\/p>\n\n\n\n<p>Voici quelques r\u00e9f\u00e9rences bibliographiques de cet auteur :<\/p>\n\n\n\n<ul><li><em>Les Nourritures affectives<\/em>, Paris,&nbsp;Odile Jacob, 1993.<\/li><li><em>Un merveilleux malheur<\/em>, Paris, Odile Jacob, 1999&nbsp;; r\u00e9\u00e9dition 2002.<\/li><li><em>Les Vilains Petits Canards<\/em>, Paris, Odile Jacob, 2001.<\/li><li><em>Le Murmure des fant\u00f4mes<\/em>, Paris, Odile Jacob, 2003.<\/li><li><em>Mourir de dire&nbsp;: La honte<\/em>, Paris, Odile Jacob, 2010.<\/li><li>Avec&nbsp;Marie Anaut,&nbsp;<em>La r\u00e9silience. De la recherche \u00e0 la pratique<\/em>, Paris, Odile Jacob, 2014.<\/li><li>Et encore bien d&rsquo;autres ouvrages&#8230;<\/li><\/ul>\n\n\n\n<p class=\"has-drop-cap\">Pour en savoir plus, visitez la <a href=\"https:\/\/fr.wikipedia.org\/wiki\/Boris_Cyrulnik\">page Wikipedia<\/a> qui lui est consacr\u00e9e.<\/p>\n","protected":false},"excerpt":{"rendered":"<p>Neurologue, psychiatre La Seyne sur Mer (France) M\u00e9decin&nbsp;neuropsychiatre&nbsp;de formation ayant un temps exerc\u00e9 comme tel mais aussi comme&nbsp;psychanalyste, il a anim\u00e9 un groupe de recherche en&nbsp;\u00e9thologie&nbsp;clinique au&nbsp;centre hospitalier intercommunal&nbsp;de&nbsp;Toulon-La Seyne-sur-Mer. Il est actuellement directeur d&rsquo;\u00e9tudes du&nbsp;dipl\u00f4me universitaire&nbsp;(DU) d&rsquo;\u00e9thologie humaine&nbsp;de l&rsquo;universit\u00e9 de Toulon. Il est \u00e9galement \u00e0 l&rsquo;origine de l&rsquo;Institut Petite Enfance Boris Cyrulnik. Il est [&hellip;]<\/p>\n","protected":false},"author":1,"featured_media":0,"parent":0,"menu_order":0,"comment_status":"closed","ping_status":"closed","template":"","meta":[],"_links":{"self":[{"href":"http:\/\/joannasmith.fr\/1000\/wp-json\/wp\/v2\/pages\/272"}],"collection":[{"href":"http:\/\/joannasmith.fr\/1000\/wp-json\/wp\/v2\/pages"}],"about":[{"href":"http:\/\/joannasmith.fr\/1000\/wp-json\/wp\/v2\/types\/page"}],"author":[{"embeddable":true,"href":"http:\/\/joannasmith.fr\/1000\/wp-json\/wp\/v2\/users\/1"}],"replies":[{"embeddable":true,"href":"http:\/\/joannasmith.fr\/1000\/wp-json\/wp\/v2\/comments?post=272"}],"version-history":[{"count":3,"href":"http:\/\/joannasmith.fr\/1000\/wp-json\/wp\/v2\/pages\/272\/revisions"}],"predecessor-version":[{"id":352,"href":"http:\/\/joannasmith.fr\/1000\/wp-json\/wp\/v2\/pages\/272\/revisions\/352"}],"wp:attachment":[{"href":"http:\/\/joannasmith.fr\/1000\/wp-json\/wp\/v2\/media?parent=272"}],"curies":[{"name":"wp","href":"https:\/\/api.w.org\/{rel}","templated":true}]}}