{"id":270,"date":"2021-06-17T18:43:17","date_gmt":"2021-06-17T16:43:17","guid":{"rendered":"http:\/\/joannasmith.fr\/1000\/?page_id=270"},"modified":"2021-06-18T13:05:29","modified_gmt":"2021-06-18T11:05:29","slug":"joanna-smith","status":"publish","type":"page","link":"http:\/\/joannasmith.fr\/1000\/joanna-smith\/","title":{"rendered":"Joanna Smith"},"content":{"rendered":"\n<h2 class=\"has-text-align-center\">Psychologue clinicienne, formatrice <\/h2>\n\n\n\n<h2 class=\"has-text-align-center\">Paris<\/h2>\n\n\n\n<figure class=\"wp-block-image size-large is-style-default\"><img loading=\"lazy\" width=\"1024\" height=\"768\" src=\"http:\/\/joannasmith.fr\/1000\/wp-content\/uploads\/2021\/06\/Joanna-Smith-1-1024x768.jpg\" alt=\"\" class=\"wp-image-55\" srcset=\"http:\/\/joannasmith.fr\/1000\/wp-content\/uploads\/2021\/06\/Joanna-Smith-1-1024x768.jpg 1024w, http:\/\/joannasmith.fr\/1000\/wp-content\/uploads\/2021\/06\/Joanna-Smith-1-300x225.jpg 300w, http:\/\/joannasmith.fr\/1000\/wp-content\/uploads\/2021\/06\/Joanna-Smith-1-768x576.jpg 768w, http:\/\/joannasmith.fr\/1000\/wp-content\/uploads\/2021\/06\/Joanna-Smith-1-1536x1152.jpg 1536w, http:\/\/joannasmith.fr\/1000\/wp-content\/uploads\/2021\/06\/Joanna-Smith-1-2048x1536.jpg 2048w, http:\/\/joannasmith.fr\/1000\/wp-content\/uploads\/2021\/06\/Joanna-Smith-1-1200x900.jpg 1200w, http:\/\/joannasmith.fr\/1000\/wp-content\/uploads\/2021\/06\/Joanna-Smith-1-1980x1485.jpg 1980w\" sizes=\"(max-width: 1024px) 100vw, 1024px\" \/><\/figure>\n\n\n\n<p class=\"has-drop-cap has-text-align-center\">Joanna Smith a d\u00e9but\u00e9 sa carri\u00e8re de psychologue clinicienne dans l&rsquo;exercice de la pr\u00e9vention de la r\u00e9cidive aupr\u00e8s d&rsquo;auteurs de violences sexuelles, au sein du service du Dr Coutanceau (92, France). Elle s&rsquo;est ensuite sp\u00e9cialis\u00e9e dans la psychoth\u00e9rapie des personnes souffrant d&rsquo;un trouble de la personnalit\u00e9 borderline, de traumatisme complexe et \/ ou de troubles dissociatifs. Ces deux pratiques cliniques et sa formation au Lifespan Integration (Int\u00e9gration du Cycle de la Vie ou ICV) l&rsquo;ont amen\u00e9e \u00e0 se pencher sur l&rsquo;importance des 1000 premiers jours de vie et de l&rsquo;attachement pour la sant\u00e9 mentale, en particulier dans la trajectoire des auteurs et victimes de violences.<\/p>\n\n\n\n<p>Aujourd&rsquo;hui formatrice en Lifespan Integration (Int\u00e9gration du Cycle de la Vie, ICV), elle est \u00e9galement enseignante \u00e0 l&rsquo;Universit\u00e9 (Ecole de Psychologues Praticiens et Universit\u00e9 de Paris). Elle exerce la psychoth\u00e9rapie en lib\u00e9ral \u00e0 Paris.<\/p>\n\n\n\n<p>Elle a dirig\u00e9 et \u00e9crit de nombreux ouvrages aux Editions Dunod, dont un ouvrage grand public de sensibilisation aux 1000 premiers jours, <em><a href=\"https:\/\/www.dunod.com\/sciences-humaines-et-sociales\/rencontre-son-bebe-interieur-0\">A la rencontre de son b\u00e9b\u00e9 int\u00e9rieur<\/a>.<\/em><\/p>\n\n\n\n<p class=\"has-drop-cap\">Elle a dirig\u00e9 le Grand Livre des 1000 premiers jours et y a contribu\u00e9 par 3 chapitres : <\/p>\n\n\n\n<ul><li>Neurosciences affectives et neurobiologie interpersonnelle des 1 000 premiers jours<\/li><\/ul>\n\n\n\n<ul><li>Impact psychopathologique des exp\u00e9riences adverses des 1 000 premiers jours<\/li><\/ul>\n\n\n\n<ul><li>Traitement des 1000 premiers jours par le Lifespan Integration (ou ICV)<\/li><\/ul>\n\n\n\n<p class=\"has-drop-cap\">Vous souhaitez approfondir?<\/p>\n\n\n\n<p>Voici quelques r\u00e9f\u00e9rences bibliographiques de cet auteur :<\/p>\n\n\n\n<p>Smith J. (2021, dir.) <a href=\"https:\/\/www.dunod.com\/sciences-humaines-et-sociales\/psychotherapie-dissociation-et-du-trauma-0\">Psychoth\u00e9rapie de la dissociation et du trauma<\/a>. Paris, Dunod.<\/p>\n\n\n\n<p>Smith J. (2021). <a href=\"https:\/\/www.dunod.com\/sciences-humaines-et-sociales\/puissance-reparatrice-votre-cerveau-choyez-votre-enfant-interieur-en-8\">La puissance r\u00e9paratrice de votre cerveau<\/a>. Paris, Dunod.<\/p>\n\n\n\n<p>Smith J., Janner Steffan A., Mann L. (2019). <a href=\"https:\/\/www.dunod.com\/sciences-humaines-et-sociales\/regulation-emotions-dans-famille-icv-aupres-parents-enfants-et\">La r\u00e9gulation des \u00e9motions dans la famille<\/a>. Paris, Dunod.<\/p>\n\n\n\n<p>Smith J. (2018). <a href=\"https:\/\/www.dunod.com\/sciences-humaines-et-sociales\/rencontre-son-bebe-interieur-0\">A la rencontre de son b\u00e9b\u00e9 int\u00e9rieur<\/a>. Paris, Dunod.<\/p>\n\n\n\n<p>Smith J. (2017, dir.). <a href=\"https:\/\/www.dunod.com\/sciences-humaines-et-sociales\/applications-cliniques-icv\">Applications cliniques de l&rsquo;ICV.<\/a> Paris, Dunod.<\/p>\n","protected":false},"excerpt":{"rendered":"<p>Psychologue clinicienne, formatrice Paris Joanna Smith a d\u00e9but\u00e9 sa carri\u00e8re de psychologue clinicienne dans l&rsquo;exercice de la pr\u00e9vention de la r\u00e9cidive aupr\u00e8s d&rsquo;auteurs de violences sexuelles, au sein du service du Dr Coutanceau (92, France). Elle s&rsquo;est ensuite sp\u00e9cialis\u00e9e dans la psychoth\u00e9rapie des personnes souffrant d&rsquo;un trouble de la personnalit\u00e9 borderline, de traumatisme complexe et [&hellip;]<\/p>\n","protected":false},"author":1,"featured_media":0,"parent":0,"menu_order":0,"comment_status":"closed","ping_status":"closed","template":"","meta":[],"_links":{"self":[{"href":"http:\/\/joannasmith.fr\/1000\/wp-json\/wp\/v2\/pages\/270"}],"collection":[{"href":"http:\/\/joannasmith.fr\/1000\/wp-json\/wp\/v2\/pages"}],"about":[{"href":"http:\/\/joannasmith.fr\/1000\/wp-json\/wp\/v2\/types\/page"}],"author":[{"embeddable":true,"href":"http:\/\/joannasmith.fr\/1000\/wp-json\/wp\/v2\/users\/1"}],"replies":[{"embeddable":true,"href":"http:\/\/joannasmith.fr\/1000\/wp-json\/wp\/v2\/comments?post=270"}],"version-history":[{"count":3,"href":"http:\/\/joannasmith.fr\/1000\/wp-json\/wp\/v2\/pages\/270\/revisions"}],"predecessor-version":[{"id":351,"href":"http:\/\/joannasmith.fr\/1000\/wp-json\/wp\/v2\/pages\/270\/revisions\/351"}],"wp:attachment":[{"href":"http:\/\/joannasmith.fr\/1000\/wp-json\/wp\/v2\/media?parent=270"}],"curies":[{"name":"wp","href":"https:\/\/api.w.org\/{rel}","templated":true}]}}