{"id":268,"date":"2021-06-17T18:23:04","date_gmt":"2021-06-17T16:23:04","guid":{"rendered":"http:\/\/joannasmith.fr\/1000\/?page_id=268"},"modified":"2021-06-18T13:09:55","modified_gmt":"2021-06-18T11:09:55","slug":"dr-pierre-v-rousseau","status":"publish","type":"page","link":"http:\/\/joannasmith.fr\/1000\/dr-pierre-v-rousseau\/","title":{"rendered":"Dr Pierre V. Rousseau"},"content":{"rendered":"\n<h2 class=\"has-text-align-center\">Gyn\u00e9cologue-obst\u00e9tricien <\/h2>\n\n\n\n<h2 class=\"has-text-align-center\">Mons, Belgique<\/h2>\n\n\n\n<div class=\"wp-block-image is-style-default\"><figure class=\"aligncenter size-large\"><img loading=\"lazy\" width=\"511\" height=\"663\" src=\"http:\/\/joannasmith.fr\/1000\/wp-content\/uploads\/2021\/06\/Pierre-Rousseau.jpg\" alt=\"\" class=\"wp-image-267\" srcset=\"http:\/\/joannasmith.fr\/1000\/wp-content\/uploads\/2021\/06\/Pierre-Rousseau.jpg 511w, http:\/\/joannasmith.fr\/1000\/wp-content\/uploads\/2021\/06\/Pierre-Rousseau-231x300.jpg 231w\" sizes=\"(max-width: 511px) 100vw, 511px\" \/><\/figure><\/div>\n\n\n\n<p class=\"has-drop-cap has-text-align-center\">Dipl\u00f4m\u00e9 en tant que Docteur en m\u00e9decine, chirurgie et accouchement \u00e0 l&rsquo;UCLouvain (Belgique) en 1962, le Dr Rousseau est d&rsquo;abord m\u00e9decin assistant en gyn\u00e9cologie-obst\u00e9trique, avec un dipl\u00f4me de M\u00e9decine tropicale, \u00e0 l&rsquo;Universit\u00e9 Lovanium, en RD du Congo, avant d&rsquo;\u00eatre, durant 5 ans, m\u00e9decin de la coop\u00e9ration technique belge, \u00e0 l&rsquo;H\u00f4pital de Kisantu, au Congo \u00e9galement.<\/p>\n\n\n\n<p class=\"has-text-align-center\">De retour en Europe, il se sp\u00e9cialise en gyn\u00e9cologie obst\u00e9trique \u00e0 Lille, Strasbourg et \u00e0 l&rsquo;UCLouvain puis exerce en tant que m\u00e9decin hospitalier \u00e0 l&rsquo;H\u00f4pital de Jolimont (La Louvi\u00e8re, Belgique) de 1972 \u00e0 1989 et ensuite en tant que m\u00e9decin hospitalier au CHU Tivoli (La Louvi\u00e8re, Belgique) de 1989 \u00e0 2003.<\/p>\n\n\n\n<p class=\"has-text-align-center\">A partir de 1976, il&nbsp;introduit en Europe francophone l\u2019accompagnement du deuil p\u00e9rinatal.<\/p>\n\n\n\n<p class=\"has-text-align-center\">Durant 15 ans, il exerce \u00e9galement en tant que Conseiller gyn\u00e9cologue, \u00e0 l&rsquo;Office de la Naissance et de l\u2019Enfance (ONE, Belgique)<\/p>\n\n\n\n<p>De 2003 \u00e0 ce jour, le Dr Rousseau est Collaborateur scientifique au Service des Sciences de la Famille (Universit\u00e9 de Mons, Belgique).<\/p>\n\n\n\n<p class=\"has-text-align-center\">Il est \u00e9galement Pr\u00e9sident de l\u2019ASBL Echoline (Belgique)&nbsp;: soins p\u00e9rinataux \u00e0 domicile de familles pr\u00e9caris\u00e9es par bin\u00f4mes sage-femme \/ psychologue, et Membre du Conseil Scientifique de l\u2019Institut de la Petite Enfance Boris Cyrulnik (IPE, France).<\/p>\n\n\n\n<p class=\"has-drop-cap\">Le Dr Pierre Rousseau a contribu\u00e9 au Grand Livre des 1000 premiers jours par un chapitre intitul\u00e9 : <\/p>\n\n\n\n<ul><li>Naissance, trauma et r\u00e9silience<\/li><\/ul>\n\n\n\n<p class=\"has-drop-cap\">Vous souhaitez approfondir? <\/p>\n\n\n\n<p>Voici quelques r\u00e9f\u00e9rences bibliographiques de cet auteur : <\/p>\n\n\n\n<ul><li>Rousseau P, Moreau K. Le deuil p\u00e9rinatal. Bruxelles, L&rsquo;Enfant 1984; 2: 39-52. R\u00e9\u00e9dition in&nbsp;: Bull Soc fr Psycho-Prophylaxie Obst\u00e9tricale 1986; 106: 23-30.<\/li><li>Rousseau P. Le deuil p\u00e9rinatal, des rites anciens aux attitudes nouvelles. In : Actes du colloque international \u00ab\u00a0Deuils et naissance\u00a0\u00bb organis\u00e9 par l&rsquo;Office de la Naissance et de l\u2019Enfance (ONE), Louvain-la-Neuve, 20-21, 04, 1990. Bruxelles, L&rsquo;Enfant, 1992, Suppl. pp. 24-41.<\/li><li>Rousseau P. Les pertes p\u00e9rinatales, la famille, les soignants et la soci\u00e9t\u00e9. Devenir, 1995 ; 7: 31-60.<\/li><li>Rousseau P. Deuil p\u00e9rinatal : Abord transg\u00e9n\u00e9rationnel. Devenir 1998 ; 10 : 35-65.<\/li><li>Rousseau P. Une grossesse apr\u00e8s l&rsquo;autre dans le deuil p\u00e9rinatal. In : Dayan J. (Ed.) Attendre un enfant. II Al\u00e9as, drames et vicissitudes. Spirale 1998 ; 8 : 53-65.<\/li><li>Rousseau P. D\u00e9couverte d&rsquo;un cancer pendant la grossesse : quand la grossesse s&rsquo;interrompt. I. Le r\u00f4le du gyn\u00e9cologue. Psycho-Oncologie. 2009 ; 3(2) : 71-74.<\/li><li>Rousseau P. Naissance, trauma, attachement et r\u00e9silience. In : Anaut M, Cyrulnik B. (Dir.) R\u00e9silience. De la recherche \u00e0 la pratique. 1er Congr\u00e8s mondial sur la r\u00e9silience. Odile Jacob, 2014, pp. 23-37.<\/li><li>Rousseau P. Accompagnement du deuil p\u00e9rinatal : pourquoi et comment ? In : Rommelaere C &amp; Ravez Laurent (Dir.). Parce que l&rsquo;amour ne meurt pas. Ethique et deuil p\u00e9rinatal. Presses Universitaires de Namur, 2014, pp. 9-64.<\/li><li>Rousseau PV, Matton F, Lecuyer R, Lahaye W. The Moro reaction: more than a reflex, a ritualized behavior of nonverbal communication. Infant Behavior and Development, 2017; 46: 169-177.<\/li><li>Rousseau P, Matton F, L\u00e9cuyer R, Lahaye W. Etude \u00e9thologique des premi\u00e8res interactions enfant-parents lors de la naissance, Devenir, 2019; 31(1) :&nbsp; 5-54.<\/li><li>Rousseau PV, Malfilatre G, Matton F, Lecuyer R, Lahaye W. The Very First Behaviors of the Human Newborn: A Cascade of Defense Responses to the Stress of Birth. (Submitted for publication in Pediatrics)<\/li><\/ul>\n","protected":false},"excerpt":{"rendered":"<p>Gyn\u00e9cologue-obst\u00e9tricien Mons, Belgique Dipl\u00f4m\u00e9 en tant que Docteur en m\u00e9decine, chirurgie et accouchement \u00e0 l&rsquo;UCLouvain (Belgique) en 1962, le Dr Rousseau est d&rsquo;abord m\u00e9decin assistant en gyn\u00e9cologie-obst\u00e9trique, avec un dipl\u00f4me de M\u00e9decine tropicale, \u00e0 l&rsquo;Universit\u00e9 Lovanium, en RD du Congo, avant d&rsquo;\u00eatre, durant 5 ans, m\u00e9decin de la coop\u00e9ration technique belge, \u00e0 l&rsquo;H\u00f4pital de Kisantu, [&hellip;]<\/p>\n","protected":false},"author":1,"featured_media":0,"parent":0,"menu_order":0,"comment_status":"closed","ping_status":"closed","template":"","meta":[],"_links":{"self":[{"href":"http:\/\/joannasmith.fr\/1000\/wp-json\/wp\/v2\/pages\/268"}],"collection":[{"href":"http:\/\/joannasmith.fr\/1000\/wp-json\/wp\/v2\/pages"}],"about":[{"href":"http:\/\/joannasmith.fr\/1000\/wp-json\/wp\/v2\/types\/page"}],"author":[{"embeddable":true,"href":"http:\/\/joannasmith.fr\/1000\/wp-json\/wp\/v2\/users\/1"}],"replies":[{"embeddable":true,"href":"http:\/\/joannasmith.fr\/1000\/wp-json\/wp\/v2\/comments?post=268"}],"version-history":[{"count":7,"href":"http:\/\/joannasmith.fr\/1000\/wp-json\/wp\/v2\/pages\/268\/revisions"}],"predecessor-version":[{"id":354,"href":"http:\/\/joannasmith.fr\/1000\/wp-json\/wp\/v2\/pages\/268\/revisions\/354"}],"wp:attachment":[{"href":"http:\/\/joannasmith.fr\/1000\/wp-json\/wp\/v2\/media?parent=268"}],"curies":[{"name":"wp","href":"https:\/\/api.w.org\/{rel}","templated":true}]}}