{"id":260,"date":"2021-06-17T18:09:18","date_gmt":"2021-06-17T16:09:18","guid":{"rendered":"http:\/\/joannasmith.fr\/1000\/?page_id=260"},"modified":"2021-06-17T18:10:10","modified_gmt":"2021-06-17T16:10:10","slug":"dr-estelle-wallon","status":"publish","type":"page","link":"http:\/\/joannasmith.fr\/1000\/dr-estelle-wallon\/","title":{"rendered":"Dr Estelle Wallon"},"content":{"rendered":"\n<h2 class=\"has-text-align-center\">P\u00e9dopsychiatre <\/h2>\n\n\n\n<h2 class=\"has-text-align-center\">Plaisir, France<\/h2>\n\n\n\n<figure class=\"wp-block-image size-large is-style-default\"><img loading=\"lazy\" width=\"1024\" height=\"961\" src=\"http:\/\/joannasmith.fr\/1000\/wp-content\/uploads\/2021\/06\/photo-Dr-E.Wallon-1024x961.jpg\" alt=\"\" class=\"wp-image-261\" srcset=\"http:\/\/joannasmith.fr\/1000\/wp-content\/uploads\/2021\/06\/photo-Dr-E.Wallon-1024x961.jpg 1024w, http:\/\/joannasmith.fr\/1000\/wp-content\/uploads\/2021\/06\/photo-Dr-E.Wallon-300x282.jpg 300w, http:\/\/joannasmith.fr\/1000\/wp-content\/uploads\/2021\/06\/photo-Dr-E.Wallon-768x721.jpg 768w, http:\/\/joannasmith.fr\/1000\/wp-content\/uploads\/2021\/06\/photo-Dr-E.Wallon.jpg 1153w\" sizes=\"(max-width: 1024px) 100vw, 1024px\" \/><\/figure>\n\n\n\n<p class=\"has-drop-cap has-text-align-center\">Le Docteur Estelle Wallon est Praticien Hospitalier-Psychiatre pour enfant et adolescent et psychoth\u00e9rapeute dans les Yvelines. Form\u00e9e \u00e0 la Th\u00e9orie de l\u2019attachement, \u00e0 la Th\u00e9rapie InterPersonnelle et \u00e0 la Th\u00e9rapie Cognitivo-Comportementale, elle a ouvert en 2011, avec le Docteur Christine Genet et leurs \u00e9quipes, la Co-Consultation Attachement Parents-Enfant (CCAPE), premier dispositif en France de consultations conjointes p\u00e9dopsychiatrie-psychiatrie adulte, appuy\u00e9 sur la th\u00e9orie de l\u2019attachement. Ce lieu permet de travailler les interactions relationnelles au sein d\u2019une dyade ou d\u2019une triade parents-enfant et d\u2019aborder la parentalit\u00e9 sous le prisme des liens d\u2019attachement, gr\u00e2ce \u00e0 une approche pragmatique et la cr\u00e9ation d\u2019outils sp\u00e9cifiques. Le Dr Wallon anime r\u00e9guli\u00e8rement, via l\u2019APRA notamment, des conf\u00e9rences et des ateliers autour de la pratique<br>attachementiste.<\/p>\n\n\n\n<p class=\"has-drop-cap\">Elle a contribu\u00e9 au Grand Livre des 1000 premiers jours par un chapitre intitul\u00e9 \u00ab\u00a0Axer le soin sur le lien d\u2019attachement : la CCAPE\u00a0\u00bb<\/p>\n\n\n\n<p class=\"has-drop-cap\">Vous souhaitez approfondir?<\/p>\n\n\n\n<p>Voici quelques r\u00e9f\u00e9rences bibliographiques compl\u00e9mentaires : <\/p>\n\n\n\n<ul><li>C.Genet, E.Wallon (mai 2019)\u00a0: \u00ab\u00a0<a href=\"https:\/\/www.dunod.com\/sciences-humaines-et-sociales\/psychotherapie-attachement-en-clinique-infantile?gclid=Cj0KCQjw5auGBhDEARIsAFyNm9HzcRT9jGMzyKcHwDNtU0Vf-xDKqEB3W7_yNf0rZAaB2X6Czls1_zEaAtv3EALw_wcB\">Psychoth\u00e9rapie de l\u2019attachement\u00a0<\/a>\u00bb, 224 p, coll. Psychoth\u00e9rapie, Ed. Dunod, Paris<\/li><li>C.Genet, E. Wallon (oct. 15)\u00a0: \u00ab\u00a0\u00c7a sert \u00e0 quoi, des parents\u00a0\u00bb, 125 p, coll. Les plus grandes petites Pommes du savoir, Ed. Le Pommier, Paris<\/li><li>E. Wallon, C. Genet (sept 2017) \u00ab\u00a0Les smileys\u00a0: un levier th\u00e9rapeutique puissant d\u2019aide \u00e0 la mentalisation dans une consultation de p\u00e9dopsychiatrie\u00a0\u00bb, Enfances et PSY, Paris<\/li><li>C.Genet, M.Rizk, E.Wallon, AC.Courtois, S.Tereno, D.Boudra\u00ef, S.Frechon, G.Le Ray,\u00a0A.Lajoye\u00a0 (juil.-ao\u00fbt 2013) \u00ab\u00a0 Co-consultation attachement parents\/enfant\u00a0: un dispositif th\u00e9rapeutique innovant\u00a0\u00bb, Revue Hospitali\u00e8re de France, n\u00b0 553, p 46-49, Paris<\/li><\/ul>\n","protected":false},"excerpt":{"rendered":"<p>P\u00e9dopsychiatre Plaisir, France Le Docteur Estelle Wallon est Praticien Hospitalier-Psychiatre pour enfant et adolescent et psychoth\u00e9rapeute dans les Yvelines. Form\u00e9e \u00e0 la Th\u00e9orie de l\u2019attachement, \u00e0 la Th\u00e9rapie InterPersonnelle et \u00e0 la Th\u00e9rapie Cognitivo-Comportementale, elle a ouvert en 2011, avec le Docteur Christine Genet et leurs \u00e9quipes, la Co-Consultation Attachement Parents-Enfant (CCAPE), premier dispositif en [&hellip;]<\/p>\n","protected":false},"author":1,"featured_media":0,"parent":0,"menu_order":0,"comment_status":"closed","ping_status":"closed","template":"","meta":[],"_links":{"self":[{"href":"http:\/\/joannasmith.fr\/1000\/wp-json\/wp\/v2\/pages\/260"}],"collection":[{"href":"http:\/\/joannasmith.fr\/1000\/wp-json\/wp\/v2\/pages"}],"about":[{"href":"http:\/\/joannasmith.fr\/1000\/wp-json\/wp\/v2\/types\/page"}],"author":[{"embeddable":true,"href":"http:\/\/joannasmith.fr\/1000\/wp-json\/wp\/v2\/users\/1"}],"replies":[{"embeddable":true,"href":"http:\/\/joannasmith.fr\/1000\/wp-json\/wp\/v2\/comments?post=260"}],"version-history":[{"count":2,"href":"http:\/\/joannasmith.fr\/1000\/wp-json\/wp\/v2\/pages\/260\/revisions"}],"predecessor-version":[{"id":266,"href":"http:\/\/joannasmith.fr\/1000\/wp-json\/wp\/v2\/pages\/260\/revisions\/266"}],"wp:attachment":[{"href":"http:\/\/joannasmith.fr\/1000\/wp-json\/wp\/v2\/media?parent=260"}],"curies":[{"name":"wp","href":"https:\/\/api.w.org\/{rel}","templated":true}]}}