{"id":241,"date":"2021-06-15T06:57:25","date_gmt":"2021-06-15T04:57:25","guid":{"rendered":"http:\/\/joannasmith.fr\/1000\/?page_id=241"},"modified":"2021-06-18T14:07:51","modified_gmt":"2021-06-18T12:07:51","slug":"dr-christine-genet","status":"publish","type":"page","link":"http:\/\/joannasmith.fr\/1000\/dr-christine-genet\/","title":{"rendered":"Dr Christine Genet"},"content":{"rendered":"\n<h2 class=\"has-text-align-center\">Psychiatre, enseignante en Universit\u00e9 <\/h2>\n\n\n\n<h2 class=\"has-text-align-center\">Paris<\/h2>\n\n\n\n<div class=\"wp-block-image is-style-default\"><figure class=\"aligncenter size-large\"><img loading=\"lazy\" width=\"193\" height=\"205\" src=\"http:\/\/joannasmith.fr\/1000\/wp-content\/uploads\/2021\/06\/Christine-Genet.jpg\" alt=\"\" class=\"wp-image-362\"\/><\/figure><\/div>\n\n\n\n<p class=\"has-drop-cap has-text-align-center\">Le Dr Christine Genet est p\u00e9dopsychiatre, praticien hospitalier dans un service de p\u00e9dopsychiatrie des Yvelines. Elle est sp\u00e9cialiste du sommeil et form\u00e9e \u00e0 l\u2019autisme, la th\u00e9orie de l\u2019attachement (DU Toulon en 2002\/2003 et DU Paris VII en 2007), et diff\u00e9rentes techniques th\u00e9rapeutiques en d\u00e9coulant. Elle est \u00e9galement enseignante au DU attachement de Paris. <\/p>\n\n\n\n<p class=\"has-drop-cap has-text-align-center\">En f\u00e9vrier 2011, elle a cr\u00e9\u00e9, avec le <a href=\"http:\/\/joannasmith.fr\/1000\/index.php\/dr-estelle-wallon\/\" data-type=\"page\" data-id=\"260\">Dr Wallon<\/a> et d\u2019autres coll\u00e8gues, la Co-Consultation Attachement Parents-Enfant (CCAPE), dispositif original de consultations conjointes p\u00e9dopsychiatrie-psychiatrie adulte, avec comme outil th\u00e9orique l\u2019attachement. Le Dr Genet s\u2019int\u00e9resse \u00e0 l\u2019aide \u00e0 la parentalit\u00e9 et \u00e0 la pr\u00e9vention. Elle anime r\u00e9guli\u00e8rement des interventions sur le sommeil et l&rsquo;attachement au sein des institutions de soins ou de formation. Elle a \u00e9crit deux livres avec le Dr Wallon, des articles dans diff\u00e9rentes revues et des chapitres dans des abr\u00e9g\u00e9s scientifiques sur la th\u00e9orie de l&rsquo;attachement.<\/p>\n\n\n\n<p class=\"has-drop-cap\">Le Dr Christine Genet a contribu\u00e9 au Grand Livre des 1000 premiers jours de vie par un chapitre intitul\u00e9 :<\/p>\n\n\n\n<ul><li>Axer le soin sur le lien d\u2019attachement : la CCAPE<\/li><\/ul>\n\n\n\n<p class=\"has-drop-cap\">Vous souhaitez approfondir? <\/p>\n\n\n\n<p>Voici quelques r\u00e9f\u00e9rences bibliographiques de cet auteur : <\/p>\n\n\n\n<ul><li>Genet C. &amp; Wallon E. (2019). <a href=\"https:\/\/www.dunod.com\/sciences-humaines-et-sociales\/psychotherapie-attachement-en-clinique-infantile\">Psychoth\u00e9rapie de l&rsquo;attachement<\/a>, Dunod, Paris.<\/li><\/ul>\n\n\n\n<ul><li>Roehrig, C., Genet, C. et Cyrulnik, B. (2006). Une observation \u00e9thologique : styles d\u2019attachement la grossesse \u00e0 l\u2019adolescence. <em>Revue europ\u00e9enne de sexologie<\/em>, 15(2) ;\u00a0 83-150.<\/li><li>Genet, C. Rizk, M. et al (2013). Co-Consultation Attachement Parents-Enfant : un dispositif th\u00e9rapeutique innovant. <em>Revue Hospitali\u00e8re de France,<\/em> 553 ; 46-49.<\/li><li>Genet, C. et Wallon, E. (2015). <em>Ca sert \u00e0 quoi des parents ? <\/em>Collection les + grandes petites Pommes du savoir, Edition Le Pommier, Paris, 2015, 125.<\/li><li>Genet, C. et Gu\u00e9deney, N. (2016). Attachement et personnalit\u00e9 chez l&rsquo;adulte: les styles d&rsquo;attachement et le fonctionnement psychologique. In Gu\u00e9deney, N. et Gu\u00e9deney, A. (Ed). <em>L&rsquo;attachement : approche th\u00e9orique<\/em>, 4\u00e8me \u00e9dition, tome 1, Collection Les \u00e2ges de la vie, Edition Masson, Paris\u00a0: 181-190\u00a0; 335.<\/li><li>Genet, C., Perdereau, F. et al (2016). Psychopathologie de l&rsquo;adulte et attachement. In Gu\u00e9deney, N. et Gu\u00e9deney, A. (Ed) <em>L&rsquo;attachement : approche clinique et th\u00e9rapeutique<\/em>. Collection Les \u00e2ges de la vie, 2\u00e8me \u00e9dition, tome 2, Edition Masson, Paris\u00a0: 237-285\u00a0; 394.<\/li><li>Wallon, E. et\u00a0 Genet, C. (2017). Les smileys : un levier th\u00e9rapeutique puissant d\u2019aide \u00e0 la mentalisation dans une consultation de p\u00e9dopsychiatrie. <em>Enfances et Psy<\/em>, 74; 126-134.<\/li><li>Genet, C. (2020). Petits et gros bobos du sommeil. <em>Spirale<\/em>, 94 ; 36-46.<\/li><li>Genet, C. (2021). Hospitalisation et attachement. In Gu\u00e9deney, N. et Gu\u00e9deney, A. (Ed). <em>L&rsquo;attachement : approche clinique et th\u00e9rapeutique.<\/em> Collection Les \u00e2ges de la vie, 5\u00e8me \u00e9dition, tome 2, Masson, Paris, \u00e0 para\u00eetre en septembre 2021.<\/li><\/ul>\n\n\n\n<p><\/p>\n","protected":false},"excerpt":{"rendered":"<p>Psychiatre, enseignante en Universit\u00e9 Paris Le Dr Christine Genet est p\u00e9dopsychiatre, praticien hospitalier dans un service de p\u00e9dopsychiatrie des Yvelines. Elle est sp\u00e9cialiste du sommeil et form\u00e9e \u00e0 l\u2019autisme, la th\u00e9orie de l\u2019attachement (DU Toulon en 2002\/2003 et DU Paris VII en 2007), et diff\u00e9rentes techniques th\u00e9rapeutiques en d\u00e9coulant. Elle est \u00e9galement enseignante au DU [&hellip;]<\/p>\n","protected":false},"author":1,"featured_media":0,"parent":0,"menu_order":0,"comment_status":"closed","ping_status":"closed","template":"","meta":[],"_links":{"self":[{"href":"http:\/\/joannasmith.fr\/1000\/wp-json\/wp\/v2\/pages\/241"}],"collection":[{"href":"http:\/\/joannasmith.fr\/1000\/wp-json\/wp\/v2\/pages"}],"about":[{"href":"http:\/\/joannasmith.fr\/1000\/wp-json\/wp\/v2\/types\/page"}],"author":[{"embeddable":true,"href":"http:\/\/joannasmith.fr\/1000\/wp-json\/wp\/v2\/users\/1"}],"replies":[{"embeddable":true,"href":"http:\/\/joannasmith.fr\/1000\/wp-json\/wp\/v2\/comments?post=241"}],"version-history":[{"count":5,"href":"http:\/\/joannasmith.fr\/1000\/wp-json\/wp\/v2\/pages\/241\/revisions"}],"predecessor-version":[{"id":363,"href":"http:\/\/joannasmith.fr\/1000\/wp-json\/wp\/v2\/pages\/241\/revisions\/363"}],"wp:attachment":[{"href":"http:\/\/joannasmith.fr\/1000\/wp-json\/wp\/v2\/media?parent=241"}],"curies":[{"name":"wp","href":"https:\/\/api.w.org\/{rel}","templated":true}]}}