{"id":235,"date":"2021-06-15T06:51:35","date_gmt":"2021-06-15T04:51:35","guid":{"rendered":"http:\/\/joannasmith.fr\/1000\/?page_id=235"},"modified":"2021-06-18T13:01:12","modified_gmt":"2021-06-18T11:01:12","slug":"virginie-vandenbroucke","status":"publish","type":"page","link":"http:\/\/joannasmith.fr\/1000\/virginie-vandenbroucke\/","title":{"rendered":"Virginie Vandenbroucke"},"content":{"rendered":"\n<h2 class=\"has-text-align-center\">Psychologue clinicienne, Formatrice<\/h2>\n\n\n\n<div class=\"wp-block-image is-style-default\"><figure class=\"aligncenter size-large\"><img loading=\"lazy\" width=\"203\" height=\"240\" src=\"http:\/\/joannasmith.fr\/1000\/wp-content\/uploads\/2021\/06\/Virginie-Vandenbroucke.jpeg\" alt=\"\" class=\"wp-image-296\"\/><\/figure><\/div>\n\n\n\n<p class=\"has-drop-cap has-text-align-center\">Psychologue clinicienne et th\u00e9rapeute depuis plus de 30 ans en Protection Maternelle et Infantile (PMI), \u00e0 l\u2019Aide Sociale \u00e0 l\u2019Enfance (ASE) et en Consultation M\u00e9dico-Psychologique (CMP), accompagnante en haptonomie pr\u00e9 et post natale, intervenante \u00e0 la maternit\u00e9 de Pertuis (Vaucluse) .&nbsp;<br>Plus particuli\u00e8rement sp\u00e9cialis\u00e9e dans la th\u00e9rapie des enfants, &nbsp;Virginie Vandenbroucke aide chaque enfant et chaque parent \u00e0 se d\u00e9couvrir et \u00e0 communiquer dans sa singularit\u00e9, pour que chacun trouve ses propres ressources et sa s\u00e9curit\u00e9 affective afin de prendre place dans sa vie en famille et dans le monde.<\/p>\n\n\n\n<p class=\"has-text-align-center\">Elle est \u00e9galement formatrice certifi\u00e9e en Theraplay, une approche th\u00e9rapeutique de courte dur\u00e9e prenant ses racines dans la th\u00e9orie de l&rsquo;attachement. <\/p>\n\n\n\n<p class=\"has-text-align-center\">Dans un climat de plaisir, Theraplay&nbsp; am\u00e9liore la confiance et l\u2019estime de soi et permet aux adultes d\u2019avoir confiance en leurs habilet\u00e9s parentales.<br>Theraplay aide aussi les enfants pr\u00e9sentant une vari\u00e9t\u00e9 de difficult\u00e9s sociales ou \u00e9motionnelles telles que traumatisme, hyperactivit\u00e9, agressivit\u00e9, impulsivit\u00e9, signes de d\u00e9pression, phobies, difficult\u00e9s relationnelles, enfants introvertis avec syndrome autistique ou difficult\u00e9s neurosensorielles.<\/p>\n\n\n\n<p class=\"has-drop-cap\">Virginie Vandenbroucke a contribu\u00e9 au Grand Livre des 1000 premiers jours par un chapitre intitul\u00e9 :<\/p>\n\n\n\n<ul><li>Theraplay<\/li><\/ul>\n\n\n\n<p class=\"has-drop-cap\">Pour en savoir plus, visitez <a href=\"http:\/\/virginievandenbrouckepsychologue.blogspot.com\/\">son site en cliquant ici<\/a><\/p>\n\n\n\n<p>Lecture compl\u00e9mentaire : <\/p>\n\n\n\n<p>Vandenbroucke, V. (2021). Theraplay : r\u00e9parer les traumas et carences des 1000 premiers jours, in J. Smith, <a href=\"https:\/\/www.dunod.com\/sciences-humaines-et-sociales\/psychotherapie-dissociation-et-du-trauma-0?gclid=CjwKCAjwiLGGBhAqEiwAgq3q_nNt01WsTgz090nKgV_Om7XaXNnfJ1BJ4Dq4dTppanGNZyu9l2kSdhoCIbsQAvD_BwE\">Psychoth\u00e9rapie de la dissociation et du trauma<\/a>, Paris, Dunod, pp. 285-299.<\/p>\n","protected":false},"excerpt":{"rendered":"<p>Psychologue clinicienne, Formatrice Psychologue clinicienne et th\u00e9rapeute depuis plus de 30 ans en Protection Maternelle et Infantile (PMI), \u00e0 l\u2019Aide Sociale \u00e0 l\u2019Enfance (ASE) et en Consultation M\u00e9dico-Psychologique (CMP), accompagnante en haptonomie pr\u00e9 et post natale, intervenante \u00e0 la maternit\u00e9 de Pertuis (Vaucluse) .&nbsp;Plus particuli\u00e8rement sp\u00e9cialis\u00e9e dans la th\u00e9rapie des enfants, &nbsp;Virginie Vandenbroucke aide chaque [&hellip;]<\/p>\n","protected":false},"author":1,"featured_media":0,"parent":0,"menu_order":0,"comment_status":"closed","ping_status":"closed","template":"","meta":[],"_links":{"self":[{"href":"http:\/\/joannasmith.fr\/1000\/wp-json\/wp\/v2\/pages\/235"}],"collection":[{"href":"http:\/\/joannasmith.fr\/1000\/wp-json\/wp\/v2\/pages"}],"about":[{"href":"http:\/\/joannasmith.fr\/1000\/wp-json\/wp\/v2\/types\/page"}],"author":[{"embeddable":true,"href":"http:\/\/joannasmith.fr\/1000\/wp-json\/wp\/v2\/users\/1"}],"replies":[{"embeddable":true,"href":"http:\/\/joannasmith.fr\/1000\/wp-json\/wp\/v2\/comments?post=235"}],"version-history":[{"count":6,"href":"http:\/\/joannasmith.fr\/1000\/wp-json\/wp\/v2\/pages\/235\/revisions"}],"predecessor-version":[{"id":348,"href":"http:\/\/joannasmith.fr\/1000\/wp-json\/wp\/v2\/pages\/235\/revisions\/348"}],"wp:attachment":[{"href":"http:\/\/joannasmith.fr\/1000\/wp-json\/wp\/v2\/media?parent=235"}],"curies":[{"name":"wp","href":"https:\/\/api.w.org\/{rel}","templated":true}]}}