{"id":219,"date":"2021-06-14T22:53:42","date_gmt":"2021-06-14T20:53:42","guid":{"rendered":"http:\/\/joannasmith.fr\/1000\/?page_id=219"},"modified":"2021-06-18T09:25:04","modified_gmt":"2021-06-18T07:25:04","slug":"alexandra-deprez","status":"publish","type":"page","link":"http:\/\/joannasmith.fr\/1000\/alexandra-deprez\/","title":{"rendered":"Alexandra Deprez"},"content":{"rendered":"\n<h2 class=\"has-text-align-center\">Docteure en psychologie, formatrice<\/h2>\n\n\n\n<h2 class=\"has-text-align-center\">Luxembourg<\/h2>\n\n\n\n<div class=\"wp-block-image is-style-default\"><figure class=\"aligncenter size-large\"><img loading=\"lazy\" width=\"214\" height=\"320\" src=\"http:\/\/joannasmith.fr\/1000\/wp-content\/uploads\/2021\/06\/Alexandra-Deprez.jpeg\" alt=\"\" class=\"wp-image-217\" srcset=\"http:\/\/joannasmith.fr\/1000\/wp-content\/uploads\/2021\/06\/Alexandra-Deprez.jpeg 214w, http:\/\/joannasmith.fr\/1000\/wp-content\/uploads\/2021\/06\/Alexandra-Deprez-201x300.jpeg 201w\" sizes=\"(max-width: 214px) 100vw, 214px\" \/><\/figure><\/div>\n\n\n\n<p class=\"has-drop-cap has-text-align-center\">Docteur en psychologie, formatrice certifi\u00e9e pour l\u2019ADBB, Ing\u00e9nieur p\u00e9dagogique de formation digital. Sa formation initiale est psychologue pour enfant et adolescent, elle est form\u00e9e \u00e0 la\u00a0psychopathologie p\u00e9rinatale\u00a0et sp\u00e9cialiste de la th\u00e9orie de l\u2019attachement et form\u00e9e \u00e0 diff\u00e9rents outils d\u2019\u00e9valuation de l\u2019attachement\u00a0(CARE-Index, Adulte Attachement Interview, situation \u00e9trange, Proc\u00e9dure Crowell..).\u00a0Et diff\u00e9rentes modalit\u00e9s d\u2019interventions th\u00e9rapeutiques attachement inform\u00e9 et Trauma inform\u00e9es\u00a0: Theraplay, EMDR etc. Apr\u00e8s 10 ans d\u2019exercice lib\u00e9ral dans un cabinet de psychologie de la parentalit\u00e9 au Luxembourg, elle est d\u00e9sormais fondatrice du centre de formation et d\u2019expertise B-families et partenaire du centre de formation Humagogie. Leur mission est\u00a0de cr\u00e9er pour les professionnels du terrain du domaine m\u00e9dico-social, des formations qui correspondent \u00e0 leurs besoins et leur attentes en utilisant l\u2019innovation p\u00e9dagogique, l\u2019elearning centr\u00e9 sur l\u2019humain.<\/p>\n\n\n\n<p class=\"has-drop-cap\">Alexandra Deprez a contribu\u00e9 au Grand Livre des 1000 premiers jours de vie par un chapitre intitul\u00e9 : <\/p>\n\n\n\n<ul><li>Strat\u00e9gies d\u2019attachement et retrait relationnel du b\u00e9b\u00e9<\/li><\/ul>\n\n\n\n<p class=\"has-drop-cap\">Vous souhaitez approfondir?<\/p>\n\n\n\n<p>Voici quelques r\u00e9f\u00e9rences bibliographiques de cet auteur :<\/p>\n\n\n\n<ul><li>Deprez A., Wendland J., Brotnow L., Gutleb A., Contal C. &amp; Gu\u00e9deney, A.\u00a0\u00bb<strong>Protecting the child while preserving the relationship: Using baby\u2019s relational withdrawal to gauge the effect of parental visitation<\/strong>\u00ab\u00a0, Plos one<\/li><\/ul>\n\n\n\n<ul><li>Deprez A. &amp;&nbsp;Wendland J. (2017).&nbsp;<strong>Penser la relation avec les parents pour les b\u00e9b\u00e9s plac\u00e9s&nbsp;: le protocole \u00ab&nbsp;Maintien du lien&nbsp;\u00bb.&nbsp;<\/strong><em>Cahiers critiques de th\u00e9rapie familiale et de pratiques de r\u00e9seaux<\/em>, 59, (2), 25-44. doi:10.3917\/ctf.059.0025.<\/li><\/ul>\n\n\n\n<ul><li>Deprez A., &amp; Wendland J. (2015).&nbsp;<strong>\u00ab&nbsp;La visite parentale chez l\u2019enfant plac\u00e9, une revue de la litt\u00e9rature&nbsp;\u00bb<\/strong>. Annales M\u00e9dico-Psychologiques Sous Presse, 173(6), 494-498. &nbsp;<a rel=\"noreferrer noopener\" href=\"http:\/\/doi.org\/10.1016\/j.amp.2013.07.009\" target=\"_blank\">http:\/\/doi.org\/10.1016\/j.amp.2013.07.009<\/a><\/li><\/ul>\n\n\n\n<ul><li>Deprez A. (2014)&nbsp;<strong>\u00ab&nbsp;the effect of parental visitation for babies placed in residential nursery: preliminary results of an exploratory study&nbsp;\u00bb<\/strong>, Communication orale,&nbsp;<em>International Congress of Applied psychology<\/em>, PARIS,<\/li><\/ul>\n\n\n\n<ul><li>&nbsp;Deprez A. (2014). <strong>\u00ab&nbsp;Preliminary results of a study on the effect of parental visitation for babies placed in residential institutional care&nbsp;\u00bb<\/strong>,&nbsp;<em>14th WAIMH World Congress, Edinburgh<\/em>, Poster.<\/li><\/ul>\n\n\n\n<ul><li>&nbsp;Deprez, A. (2014)&nbsp;<strong>\u00ab Attachement, allaitement, sevrage : y aurait-il une fonction attachement \u00e0 l\u2019allaitement ?<\/strong><em>&nbsp;Spirale<\/em>, vol. 72.<\/li><\/ul>\n\n\n\n<p>Vous pouvez \u00e9galement visiter <a href=\"https:\/\/b-families.com\/\">son site internet<\/a>.<\/p>\n","protected":false},"excerpt":{"rendered":"<p>Docteure en psychologie, formatrice Luxembourg Docteur en psychologie, formatrice certifi\u00e9e pour l\u2019ADBB, Ing\u00e9nieur p\u00e9dagogique de formation digital. Sa formation initiale est psychologue pour enfant et adolescent, elle est form\u00e9e \u00e0 la\u00a0psychopathologie p\u00e9rinatale\u00a0et sp\u00e9cialiste de la th\u00e9orie de l\u2019attachement et form\u00e9e \u00e0 diff\u00e9rents outils d\u2019\u00e9valuation de l\u2019attachement\u00a0(CARE-Index, Adulte Attachement Interview, situation \u00e9trange, Proc\u00e9dure Crowell..).\u00a0Et diff\u00e9rentes modalit\u00e9s [&hellip;]<\/p>\n","protected":false},"author":1,"featured_media":0,"parent":0,"menu_order":0,"comment_status":"closed","ping_status":"closed","template":"","meta":[],"_links":{"self":[{"href":"http:\/\/joannasmith.fr\/1000\/wp-json\/wp\/v2\/pages\/219"}],"collection":[{"href":"http:\/\/joannasmith.fr\/1000\/wp-json\/wp\/v2\/pages"}],"about":[{"href":"http:\/\/joannasmith.fr\/1000\/wp-json\/wp\/v2\/types\/page"}],"author":[{"embeddable":true,"href":"http:\/\/joannasmith.fr\/1000\/wp-json\/wp\/v2\/users\/1"}],"replies":[{"embeddable":true,"href":"http:\/\/joannasmith.fr\/1000\/wp-json\/wp\/v2\/comments?post=219"}],"version-history":[{"count":5,"href":"http:\/\/joannasmith.fr\/1000\/wp-json\/wp\/v2\/pages\/219\/revisions"}],"predecessor-version":[{"id":366,"href":"http:\/\/joannasmith.fr\/1000\/wp-json\/wp\/v2\/pages\/219\/revisions\/366"}],"wp:attachment":[{"href":"http:\/\/joannasmith.fr\/1000\/wp-json\/wp\/v2\/media?parent=219"}],"curies":[{"name":"wp","href":"https:\/\/api.w.org\/{rel}","templated":true}]}}