{"id":200,"date":"2021-06-14T21:50:38","date_gmt":"2021-06-14T19:50:38","guid":{"rendered":"http:\/\/joannasmith.fr\/1000\/?page_id=200"},"modified":"2021-06-18T09:26:03","modified_gmt":"2021-06-18T07:26:03","slug":"helene-dellucci","status":"publish","type":"page","link":"http:\/\/joannasmith.fr\/1000\/helene-dellucci\/","title":{"rendered":"H\u00e9l\u00e8ne Dellucci"},"content":{"rendered":"\n<h2 class=\"has-text-align-center\">Docteure en psychologie, formatrice EMDR <\/h2>\n\n\n\n<h2 class=\"has-text-align-center\">Gen\u00e8ve<\/h2>\n\n\n\n<figure class=\"wp-block-image size-large is-style-default\"><img loading=\"lazy\" width=\"1024\" height=\"724\" src=\"http:\/\/joannasmith.fr\/1000\/wp-content\/uploads\/2021\/06\/HDellucci-1024x724.jpeg\" alt=\"\" class=\"wp-image-192\" srcset=\"http:\/\/joannasmith.fr\/1000\/wp-content\/uploads\/2021\/06\/HDellucci-1024x724.jpeg 1024w, http:\/\/joannasmith.fr\/1000\/wp-content\/uploads\/2021\/06\/HDellucci-300x212.jpeg 300w, http:\/\/joannasmith.fr\/1000\/wp-content\/uploads\/2021\/06\/HDellucci-768x543.jpeg 768w, http:\/\/joannasmith.fr\/1000\/wp-content\/uploads\/2021\/06\/HDellucci-1536x1087.jpeg 1536w, http:\/\/joannasmith.fr\/1000\/wp-content\/uploads\/2021\/06\/HDellucci-1200x849.jpeg 1200w, http:\/\/joannasmith.fr\/1000\/wp-content\/uploads\/2021\/06\/HDellucci.jpeg 1753w\" sizes=\"(max-width: 1024px) 100vw, 1024px\" \/><\/figure>\n\n\n\n<p class=\"has-drop-cap has-text-align-center\">H\u00e9l\u00e8ne Dellucci est docteur en psychologue, psychoth\u00e9rapeute d\u2019orientation syst\u00e9mique et formatrice EMDR Europe. Elle travaille en cabinet priv\u00e9 \u00e0 Gen\u00e8ve avec des personnes traumatis\u00e9es complexes et leurs familles.. Elle intervient en tant que superviseur et formatrice en Approches Centr\u00e9es Comp\u00e9tences et en Psychotraumatologie. H\u00e9l\u00e8ne est charg\u00e9e de cours \u00e0 l\u2019Universit\u00e9 Lorraine, France et l\u2019Universit\u00e9 La Trobe, Australie, o\u00f9 elle enseigne autour de th\u00e9matiques des trauma complexes et des troubles dissociatifs.&nbsp;<\/p>\n\n\n\n<p class=\"has-text-align-center\">Elle a d\u00e9velopp\u00e9 le \u2018Protocole des Lettres\u2019, une approche th\u00e9rapeutique inspir\u00e9e de l\u2019EMDR, utile pour s\u2019affranchir des traumatismes relationnels, la \u2018Bo\u00eete de Vitesses\u2019, une structure de traitement pour un travail en toute s\u00e9curit\u00e9 en cas de traumatismes complexes, et le \u2018Collage de la Famille Symbolique\u2019, un outil permettant d\u2019oeuvrer pour une stabilisation relationnelle. Elle a co-traduit Le Soi Hant\u00e9 (Van der Hart, Nijenhuis &amp; Steele\u00a0; 2006) qui est paru en fran\u00e7ais en 2010.<\/p>\n\n\n\n<p class=\"has-drop-cap\">H\u00e9l\u00e8ne Dellucci a contribu\u00e9 au Grand Livre des 1000 premiers jours par un chapitre intitul\u00e9 : <\/p>\n\n\n\n<ul><li>Traitement des empreintes pr\u00e9coces avec l&rsquo;EMDR<\/li><\/ul>\n\n\n\n<p class=\"has-drop-cap\">Vous souhaitez approfondir? <\/p>\n\n\n\n<p>Voici quelques r\u00e9f\u00e9rences bibliographiques de cet auteur : <\/p>\n\n\n\n<ul><li>Dellucci, H. (2021). La stabilisation&nbsp;: la pierre angulaire d\u2019un traitement efficace en psychotraumatologie. S\u2019adapter sans se perdre dans la th\u00e9rapie au travers d\u2019un paysage de traumatisations complexes et chroniques. In : Smith, J.&nbsp;<em>Psychoth\u00e9rapies de la dissociation et du trauma.&nbsp;<\/em>2<sup>nde<\/sup>&nbsp;\u00e9dition.Paris: Dunod<\/li><\/ul>\n\n\n\n<ul><li>Dellucci, H. (2019). Le protocole des lettres. Une m\u00e9thode douce permettant le traitement des traumatismes relationnels. In&nbsp;: Tarquinio, C., Brennstuhl, M.J.., Dellucci, H., Iracane, M., Rydberg, J.A., Silvestre, M., Tarquinio, P. &amp; Zimmermann, E.&nbsp;<em>Aide-M\u00e9moire EMDR en 46 fiches.&nbsp;<\/em>Paris&nbsp;: Dunod.<\/li><\/ul>\n\n\n\n<ul><li>Dellucci, H. (2017).&nbsp;La bo\u00eete de vitesses: une structure de traitement EMDR int\u00e9grative. S\u2019adapter sans se perdre dans la th\u00e9rapie \u00e0 travers un paysage de traumatisations complexes et chroniques.&nbsp;In&nbsp;: Tarquinio, C. Brennstuhl, M.J., Dellucci, H., Iracane, M., Rydberg, J.A., Silvestre, M. &amp; Zimmermann, E.&nbsp;<em>Pratique de la Psychoth\u00e9rapie EMDR&nbsp;: introduction et approfondissements pratiques et psychopathologiques<\/em>.&nbsp;&nbsp;Paris: Dunod.<\/li><\/ul>\n\n\n\n<ul><li>Dellucci, H., &amp; Bertrand, C. (2012). Le Collage de la Famille Symbolique et Approche Narrative. Une voie alternative pour constituer un lien d\u2019attachement et une identit\u00e9 en lien avec les valeurs existentielles.&nbsp;<em>Revue Th\u00e9rapie Familiale<\/em>, 33 (4) pp. 337 \u2013 355.<\/li><\/ul>\n\n\n\n<ul><li>Dellucci, H. &amp; Bouvier, G. (2019). Le protocole des empreintes pr\u00e9coces. Le retraitement des m\u00e9moires pr\u00e9verbales.&nbsp;&nbsp;In&nbsp;: Tarquinio, C., Brennstuhl, M.J., Dellucci, H., Iracane, M., Rydberg, J.A., Silvestre, M., Tarquinio, P. &amp; Zimmermann, E.&nbsp;<em>Aide-M\u00e9moire EMDR en 46 fiches.&nbsp;<\/em>Paris&nbsp;: Dunod.<\/li><\/ul>\n\n\n\n<p>Visitez \u00e9galement le site du <a href=\"https:\/\/www.cercledecompetences.org\/\">Cercle de Comp\u00e9tences<\/a>.<\/p>\n","protected":false},"excerpt":{"rendered":"<p>Docteure en psychologie, formatrice EMDR Gen\u00e8ve H\u00e9l\u00e8ne Dellucci est docteur en psychologue, psychoth\u00e9rapeute d\u2019orientation syst\u00e9mique et formatrice EMDR Europe. Elle travaille en cabinet priv\u00e9 \u00e0 Gen\u00e8ve avec des personnes traumatis\u00e9es complexes et leurs familles.. Elle intervient en tant que superviseur et formatrice en Approches Centr\u00e9es Comp\u00e9tences et en Psychotraumatologie. H\u00e9l\u00e8ne est charg\u00e9e de cours \u00e0 [&hellip;]<\/p>\n","protected":false},"author":1,"featured_media":0,"parent":0,"menu_order":0,"comment_status":"closed","ping_status":"closed","template":"","meta":[],"_links":{"self":[{"href":"http:\/\/joannasmith.fr\/1000\/wp-json\/wp\/v2\/pages\/200"}],"collection":[{"href":"http:\/\/joannasmith.fr\/1000\/wp-json\/wp\/v2\/pages"}],"about":[{"href":"http:\/\/joannasmith.fr\/1000\/wp-json\/wp\/v2\/types\/page"}],"author":[{"embeddable":true,"href":"http:\/\/joannasmith.fr\/1000\/wp-json\/wp\/v2\/users\/1"}],"replies":[{"embeddable":true,"href":"http:\/\/joannasmith.fr\/1000\/wp-json\/wp\/v2\/comments?post=200"}],"version-history":[{"count":3,"href":"http:\/\/joannasmith.fr\/1000\/wp-json\/wp\/v2\/pages\/200\/revisions"}],"predecessor-version":[{"id":331,"href":"http:\/\/joannasmith.fr\/1000\/wp-json\/wp\/v2\/pages\/200\/revisions\/331"}],"wp:attachment":[{"href":"http:\/\/joannasmith.fr\/1000\/wp-json\/wp\/v2\/media?parent=200"}],"curies":[{"name":"wp","href":"https:\/\/api.w.org\/{rel}","templated":true}]}}