{"id":112,"date":"2021-06-10T10:35:28","date_gmt":"2021-06-10T08:35:28","guid":{"rendered":"http:\/\/joannasmith.fr\/1000\/?page_id=112"},"modified":"2021-06-18T09:27:28","modified_gmt":"2021-06-18T07:27:28","slug":"livio-provenzi","status":"publish","type":"page","link":"http:\/\/joannasmith.fr\/1000\/livio-provenzi\/","title":{"rendered":"Livio Provenzi"},"content":{"rendered":"\n<h2 class=\"has-text-align-center\">Psychologue, chercheur en psychologie<\/h2>\n\n\n\n<h2 class=\"has-text-align-center\"> Padoue, Italie<\/h2>\n\n\n\n<div class=\"wp-block-image is-style-default\"><figure class=\"aligncenter size-large\"><img loading=\"lazy\" width=\"271\" height=\"312\" src=\"http:\/\/joannasmith.fr\/1000\/wp-content\/uploads\/2021\/06\/Capture-de\u0301cran-2021-06-10-a\u0300-10.00.47.png\" alt=\"\" class=\"wp-image-110\" srcset=\"http:\/\/joannasmith.fr\/1000\/wp-content\/uploads\/2021\/06\/Capture-de\u0301cran-2021-06-10-a\u0300-10.00.47.png 271w, http:\/\/joannasmith.fr\/1000\/wp-content\/uploads\/2021\/06\/Capture-de\u0301cran-2021-06-10-a\u0300-10.00.47-261x300.png 261w\" sizes=\"(max-width: 271px) 100vw, 271px\" \/><\/figure><\/div>\n\n\n\n<p class=\"has-drop-cap has-text-align-left\">Livio Provenzi est psychologue et chercheur en psychobiologie du d\u00e9veloppement. Ses projets de recherche int\u00e8grent des m\u00e9thodologies issues de la recherche sur le b\u00e9b\u00e9, la neuroendocrinologie et l&rsquo;\u00e9pig\u00e9n\u00e9tique comportementale afin de comprendre comment l&rsquo;environnement de caregiving pr\u00e9coce s&rsquo;associe au d\u00e9veloppement cognitif, social et \u00e9motionnel chez les b\u00e9b\u00e9s en bonne sant\u00e9 et les b\u00e9b\u00e9s \u00e0 risques. <\/p>\n\n\n\n<p class=\"has-drop-cap\">Livio Provenzi a contribu\u00e9 au Grand Livre des 1000 premiers jours de vie par un chapitre intitul\u00e9 : <\/p>\n\n\n\n<ul><li>Le paradigme du \u00ab Visage impassible \u00bb : r\u00e9gulation du stress dans la dyade m\u00e8re-b\u00e9b\u00e9<\/li><\/ul>\n\n\n\n<p class=\"has-drop-cap\">Site personnel de l&rsquo;auteur : <a href=\"https:\/\/www.livioprovenzi.com\/\">https:\/\/www.livioprovenzi.com\/<\/a><\/p>\n\n\n\n<p class=\"has-drop-cap\">Vous souhaitez approfondir? Voici quelques r\u00e9f\u00e9rences bibliographiques de cet auteur :<\/p>\n\n\n\n<ul><li>Provenzi L, Grumi S, Giorda R, Biasucci G, Bonini R, Cavallini A, Decembrino L, Drera B, Falcone R, Fazzi E, Gardella B, Giacchero R, Nacinovich R, Pisoni C, Prefumo F, Scelsa B, Spart\u00e0 MV, Veggiotti P, Orcesi S, Borgatti R, MOM-COPE Study Group. Measuring the Outcomes of Maternal COVID-1-related Prenatal Exposure (MOM-COPE): Study protocol for a multicentric longitudinal project.&nbsp;<a rel=\"noreferrer noopener\" href=\"https:\/\/bmjopen.bmj.com\/content\/bmjopen\/10\/12\/e044585.full.pdf\" target=\"_blank\">BMJ Open<\/a>,&nbsp;<em>10, e044585<\/em>.<\/li><li>Caporali C, Pisoni C, Gasparini L, Ballante E, Zecca M, Orcesi S, Provenzi L (2020) A global perspective on parental stress in the neonatal intensive care unit: a meta-analytic study.&nbsp;<a rel=\"noreferrer noopener\" href=\"https:\/\/www.nature.com\/articles\/s41372-020-00798-6\" target=\"_blank\">Journal of Perinatology<\/a>,&nbsp;<em>40, 1739-1752<\/em>.<\/li><li>Grumi S, Provenzi L, Gardani A, Aramini V, Dargenio E, Naboni C, Vacchini V, Borgatti R, EnFORCE Group (2020) Rehabilitation services lockdown during the COVID-19 emergency: the mental health response of caregivers of children with neurodevelopmental disabilities.&nbsp;<a rel=\"noreferrer noopener\" href=\"https:\/\/www.tandfonline.com\/doi\/full\/10.1080\/09638288.2020.1842520?scroll=top&amp;needAccess=true\" target=\"_blank\">Disability and Rehabilitation<\/a>, in press.<\/li><li>Montirosso R, Rosa E, Giorda R, Fazzi E, Orcesi S, Cavallini A, Provenzi L, Early Intervention Study Group (2020) Early Parenting Intervention \u2013 Biobehavioral Outcomes in infants with neurodevelopmental Disabilities (EPI-BOND): Study protocol for an Italian multicenter randomized controlled trial.&nbsp;<a rel=\"noreferrer noopener\" href=\"https:\/\/bmjopen.bmj.com\/content\/10\/7\/e035249\" target=\"_blank\">BMJ Open<\/a>, 10, e035249.<\/li><li>Pisoni C, Provenzi L, Moncecchi M, Caporali C, Naboni C, Stronati M, Montirosso R, Borgatti R, Orcesi S (2020) Early parenting intervention promotes 24-month psychomotor development in preterm children.&nbsp;<a rel=\"noreferrer noopener\" href=\"https:\/\/onlinelibrary.wiley.com\/doi\/abs\/10.1111\/apa.15345\" target=\"_blank\">Acta Paediatrica<\/a>, 110(1), 101-108.<\/li><li>Provenzi L, Fumagalli M, Scotto di Minico G, Giorda R, Morandi F, Sirgiovanni I, Schiavolin P, Mosca F, Borgatti R, Montirosso R (2020) Pain\u2010related increase in serotonin transporter gene methylation associates with emotional regulation in 4.5\u2010year\u2010old preterm\u2010born children.&nbsp;<a rel=\"noreferrer noopener\" href=\"https:\/\/onlinelibrary.wiley.com\/doi\/10.1111\/apa.15077\" target=\"_blank\">Acta Paediatrica<\/a>, 109, 1166-1174.<\/li><li>Provenzi L, Rosa E, Visintin E, Mascheroni E, Guida E, Cavallini A, Montirosso R (2020) Understanding the role and function of maternal touch in infants with neurodevelopmental disabilities.&nbsp;<a rel=\"noreferrer noopener\" href=\"https:\/\/www.sciencedirect.com\/science\/article\/abs\/pii\/S0163638319301523\" target=\"_blank\">Infant Behavior and Development<\/a>, 58, 101420.<\/li><li>Provenzi L, Tronick E (2020) The power of disconnection during the Covid-19 emergency: From isolation to reparation.&nbsp;<a rel=\"noreferrer noopener\" href=\"https:\/\/psycnet.apa.org\/fulltext\/2020-37330-001.html\" target=\"_blank\">Psychological Trauma: Theory, Research, Practice, and Policy<\/a>, 12(S1), S252-S254.<\/li><\/ul>\n\n\n\n<p class=\"has-drop-cap\">Pour visiter son <a href=\"https:\/\/www.livioprovenzi.com\/\">site internet, cliquez ici<\/a>.<\/p>\n","protected":false},"excerpt":{"rendered":"<p>Psychologue, chercheur en psychologie Padoue, Italie Livio Provenzi est psychologue et chercheur en psychobiologie du d\u00e9veloppement. Ses projets de recherche int\u00e8grent des m\u00e9thodologies issues de la recherche sur le b\u00e9b\u00e9, la neuroendocrinologie et l&rsquo;\u00e9pig\u00e9n\u00e9tique comportementale afin de comprendre comment l&rsquo;environnement de caregiving pr\u00e9coce s&rsquo;associe au d\u00e9veloppement cognitif, social et \u00e9motionnel chez les b\u00e9b\u00e9s en bonne [&hellip;]<\/p>\n","protected":false},"author":1,"featured_media":0,"parent":0,"menu_order":0,"comment_status":"closed","ping_status":"closed","template":"","meta":[],"_links":{"self":[{"href":"http:\/\/joannasmith.fr\/1000\/wp-json\/wp\/v2\/pages\/112"}],"collection":[{"href":"http:\/\/joannasmith.fr\/1000\/wp-json\/wp\/v2\/pages"}],"about":[{"href":"http:\/\/joannasmith.fr\/1000\/wp-json\/wp\/v2\/types\/page"}],"author":[{"embeddable":true,"href":"http:\/\/joannasmith.fr\/1000\/wp-json\/wp\/v2\/users\/1"}],"replies":[{"embeddable":true,"href":"http:\/\/joannasmith.fr\/1000\/wp-json\/wp\/v2\/comments?post=112"}],"version-history":[{"count":9,"href":"http:\/\/joannasmith.fr\/1000\/wp-json\/wp\/v2\/pages\/112\/revisions"}],"predecessor-version":[{"id":333,"href":"http:\/\/joannasmith.fr\/1000\/wp-json\/wp\/v2\/pages\/112\/revisions\/333"}],"wp:attachment":[{"href":"http:\/\/joannasmith.fr\/1000\/wp-json\/wp\/v2\/media?parent=112"}],"curies":[{"name":"wp","href":"https:\/\/api.w.org\/{rel}","templated":true}]}}