{"id":102,"date":"2021-06-10T09:31:56","date_gmt":"2021-06-10T07:31:56","guid":{"rendered":"http:\/\/joannasmith.fr\/1000\/?page_id=102"},"modified":"2021-06-18T08:34:20","modified_gmt":"2021-06-18T06:34:20","slug":"pr-ed-tronick","status":"publish","type":"page","link":"http:\/\/joannasmith.fr\/1000\/pr-ed-tronick\/","title":{"rendered":"Pr Ed Tronick"},"content":{"rendered":"\n<h2 class=\"has-text-align-center\">Psychologue du d\u00e9veloppement, Professeur Em\u00e9rite de psychologie<\/h2>\n\n\n\n<h2 class=\"has-text-align-center\"> Boston<\/h2>\n\n\n\n<div class=\"wp-block-image is-style-default\"><figure class=\"aligncenter size-large\"><img loading=\"lazy\" width=\"512\" height=\"512\" src=\"http:\/\/joannasmith.fr\/1000\/wp-content\/uploads\/2021\/06\/Ed-Tronick.jpeg\" alt=\"\" class=\"wp-image-96\" srcset=\"http:\/\/joannasmith.fr\/1000\/wp-content\/uploads\/2021\/06\/Ed-Tronick.jpeg 512w, http:\/\/joannasmith.fr\/1000\/wp-content\/uploads\/2021\/06\/Ed-Tronick-300x300.jpeg 300w, http:\/\/joannasmith.fr\/1000\/wp-content\/uploads\/2021\/06\/Ed-Tronick-150x150.jpeg 150w\" sizes=\"(max-width: 512px) 100vw, 512px\" \/><\/figure><\/div>\n\n\n\n<p class=\"has-drop-cap has-text-align-center\">Le Pr Edward TRONICK est connu pour ses travaux autour de l&rsquo;exp\u00e9rience de visage impassible, men\u00e9es depuis les ann\u00e9es 1970.<\/p>\n\n\n\n<p class=\"has-text-align-center\">L&rsquo;exp\u00e9rience, film\u00e9e, se d\u00e9roule entre une m\u00e8re et son b\u00e9b\u00e9 de quelques mois et comporte en g\u00e9n\u00e9ral 3 phases : <\/p>\n\n\n\n<ul><li>Un premier temps de jeu spontan\u00e9 o\u00f9 la m\u00e8re est face \u00e0 son b\u00e9b\u00e9;<\/li><li>Un deuxi\u00e8me temps o\u00f9 la m\u00e8re, toujours face \u00e0 son b\u00e9b\u00e9, garde un visage impassible, inexpressif, pendant une dur\u00e9e de deux minutes<\/li><li>Un dernier temps de reprise normale de l&rsquo;interaction, g\u00e9n\u00e9ralement consacr\u00e9e \u00e0 la r\u00e9paration du stress que g\u00e9n\u00e8re la phase pr\u00e9c\u00e9dente.<\/li><\/ul>\n\n\n\n<p class=\"has-text-align-center\">Ces exp\u00e9riences, r\u00e9p\u00e9t\u00e9es dans de multiples contextes et avec de nombreuses variantes, permettent notamment d&rsquo;\u00e9tudier l&rsquo;impact de l&rsquo;indisponibilit\u00e9 de la figure d&rsquo;attachement sur le tout-petit et met en \u00e9vidence que le b\u00e9b\u00e9 est tr\u00e8s sensible \u00e0 l&rsquo;\u00e9tat de d\u00e9synchronisation \u00e9motionnelle de son parent.<\/p>\n\n\n\n<div class=\"wp-block-group\"><div class=\"wp-block-group__inner-container\">\n<p class=\"has-drop-cap\">Le Pr Edward Tronick a contribu\u00e9 au Grand Livre des 1000 premiers jours par un chapitre intitul\u00e9 : <\/p>\n\n\n\n<ul><li>Le paradigme du \u00ab Visage impassible \u00bb : r\u00e9gulation du stress dans la dyade m\u00e8re-b\u00e9b\u00e9<\/li><\/ul>\n<\/div><\/div>\n\n\n\n<div class=\"wp-block-group\"><div class=\"wp-block-group__inner-container\">\n<div class=\"wp-block-columns alignfull\">\n<div class=\"wp-block-column\">\n<div class=\"wp-block-group\"><div class=\"wp-block-group__inner-container\">\n<div class=\"wp-block-group alignfull\"><div class=\"wp-block-group__inner-container\">\n<div class=\"wp-block-group alignfull\"><div class=\"wp-block-group__inner-container\">\n<p class=\"has-drop-cap\">Pour plus d&rsquo;informations : <\/p>\n<\/div><\/div>\n\n\n\n<ul><li>Visitez la <a href=\"https:\/\/fr.wikipedia.org\/wiki\/Edward_Tronick\">page Wikipedia<\/a> consacr\u00e9e \u00e0 cet auteur<\/li><li>Visionnez la vid\u00e9o suivante pour observer l&rsquo;exp\u00e9rience en direct (attention ce visionnage peut \u00eatre \u00e9prouvant) : <\/li><\/ul>\n<\/div><\/div>\n\n\n\n<figure class=\"wp-block-embed is-type-video is-provider-youtube wp-block-embed-youtube wp-embed-aspect-4-3 wp-has-aspect-ratio\"><div class=\"wp-block-embed__wrapper\">\n<iframe loading=\"lazy\" title=\"Still Face Experiment: Dr. Edward Tronick\" width=\"580\" height=\"435\" src=\"https:\/\/www.youtube.com\/embed\/apzXGEbZht0?feature=oembed\" frameborder=\"0\" allow=\"accelerometer; autoplay; clipboard-write; encrypted-media; gyroscope; picture-in-picture\" allowfullscreen><\/iframe>\n<\/div><\/figure>\n<\/div><\/div>\n\n\n\n<p><\/p>\n<\/div>\n\n\n\n<div class=\"wp-block-column\">\n<div class=\"wp-block-group alignfull\"><div class=\"wp-block-group__inner-container\">\n<div class=\"wp-block-group\"><div class=\"wp-block-group__inner-container\">\n<p class=\"has-drop-cap\">Vous souhaitez approfondir? <\/p>\n\n\n\n<p>Voici quelques r\u00e9f\u00e9rences bibliographiques de cet auteur : <\/p>\n<\/div><\/div>\n\n\n\n<ul><li><a href=\"https:\/\/www.fnac.com\/livre-numerique\/a7702527\/Ed-Tronick-The-Neurobehavioral-and-Social-Emotional-Development-of-Infants-and-Children-Norton-Series-on-Interpersonal-Neurobiology#FORMAT=ebook%20(ePub)#omnsearchpos=2\">The Neurobehavioral and Social-Emotional Development of Infants and Children <\/a>&#8211; Edward Tronick (2007) &#8211; Norton.<\/li><li><a href=\"https:\/\/www.fnac.com\/livre-numerique\/a13822047\/Jonathan-Baylin-The-Handbook-of-Therapeutic-Care-for-Children#FORMAT=ebook%20(ePub)#omnsearchpos=1\">Handbook of Therapeutic Care for Children<\/a> &#8211; Janise Mitchell, Joe Tucci &amp; Edward Tronick (2009) &#8211; Jessica Kingsley Publishers.<\/li><li>Tronick, E., &amp; Beeghly, M. (2011). Infants\u2019meaning-making and the development of mental health problems. <em>American Psychologist<\/em>, <em>66 <\/em>(2), 107-119. <a href=\"https:\/\/doi.org\/10.1037\/a0021631\">https:\/\/doi.org\/10.1037\/a0021631<\/a>.<\/li><li>Tronick (\u00e9d.). (2017). The Caregiver-Infant Dyad as a Buffer or Transducer of Resource Enhancing or Depleting Factors That Shape Psychobiological Development. <em>Australian and New Zealand Journal of Family Therapy<\/em>, <em>38 <\/em>(4), 561-572. <a href=\"https:\/\/doi.org\/10.1002\/anzf.1274\">https:\/\/doi.org\/10.1002\/anzf.1274<\/a>.<\/li><li>Tronick, E., Mueller, I., DiCorcia, J., Snidman, N., &amp; A. (2020). Caretaker Acute Stress Paradigm&nbsp;: Effects on Behavior and Physiology of Caretaker and Infant. <em>Developmental Psychobiology<\/em>, <em>1<\/em>, 10. <a href=\"https:\/\/doi.org\/10.1002\/dev.21974\">https:\/\/doi.org\/10.1002\/dev.21974<\/a>.<\/li><\/ul>\n<\/div><\/div>\n<\/div>\n<\/div>\n<\/div><\/div>\n","protected":false},"excerpt":{"rendered":"<p>Psychologue du d\u00e9veloppement, Professeur Em\u00e9rite de psychologie Boston Le Pr Edward TRONICK est connu pour ses travaux autour de l&rsquo;exp\u00e9rience de visage impassible, men\u00e9es depuis les ann\u00e9es 1970. L&rsquo;exp\u00e9rience, film\u00e9e, se d\u00e9roule entre une m\u00e8re et son b\u00e9b\u00e9 de quelques mois et comporte en g\u00e9n\u00e9ral 3 phases : Un premier temps de jeu spontan\u00e9 o\u00f9 [&hellip;]<\/p>\n","protected":false},"author":1,"featured_media":0,"parent":0,"menu_order":0,"comment_status":"closed","ping_status":"closed","template":"","meta":[],"_links":{"self":[{"href":"http:\/\/joannasmith.fr\/1000\/wp-json\/wp\/v2\/pages\/102"}],"collection":[{"href":"http:\/\/joannasmith.fr\/1000\/wp-json\/wp\/v2\/pages"}],"about":[{"href":"http:\/\/joannasmith.fr\/1000\/wp-json\/wp\/v2\/types\/page"}],"author":[{"embeddable":true,"href":"http:\/\/joannasmith.fr\/1000\/wp-json\/wp\/v2\/users\/1"}],"replies":[{"embeddable":true,"href":"http:\/\/joannasmith.fr\/1000\/wp-json\/wp\/v2\/comments?post=102"}],"version-history":[{"count":15,"href":"http:\/\/joannasmith.fr\/1000\/wp-json\/wp\/v2\/pages\/102\/revisions"}],"predecessor-version":[{"id":320,"href":"http:\/\/joannasmith.fr\/1000\/wp-json\/wp\/v2\/pages\/102\/revisions\/320"}],"wp:attachment":[{"href":"http:\/\/joannasmith.fr\/1000\/wp-json\/wp\/v2\/media?parent=102"}],"curies":[{"name":"wp","href":"https:\/\/api.w.org\/{rel}","templated":true}]}}